{"id":627,"date":"2018-04-11T16:17:48","date_gmt":"2018-04-11T14:17:48","guid":{"rendered":"https:\/\/romanlazik.com\/biography\/"},"modified":"2024-03-12T14:10:04","modified_gmt":"2024-03-12T13:10:04","slug":"biography","status":"publish","type":"page","link":"https:\/\/romanlazik.com\/sk\/biography\/","title":{"rendered":"Biografia"},"content":{"rendered":"<div id=\"pl-627\"  class=\"panel-layout\" ><div id=\"pg-627-0\"  class=\"panel-grid panel-has-style\" ><div class=\"siteorigin-panels-stretch kt-panel-row-stretch panel-row-style panel-row-style-for-627-0\" style=\"opacity: 0;\" data-stretch-type=\"full\" ><div id=\"pgc-627-0-0\"  class=\"panel-grid-cell\" ><div id=\"panel-627-0-0-0\" class=\"so-panel widget widget_kadence_about_with_image kadence_about_with_image panel-first-child panel-last-child widgetopts-SO\" data-index=\"0\" ><div class=\"kt-pb-animation kt-pb-fadeIn kt-pb-duration-2400 kt-pb-delay-300 panel-widget-style panel-widget-style-for-627-0-0-0\" ><div class=\"kad_img_upload_widget kt-shape-type-kt-image-shape-standard kt-image-align-left kt-image-widget-widget-0-0-0\"><div class=\"kt-image-contain kt-image-shadow-none kt-image-shape-standard\"><div class=\"kt-image-inner-contain\"><img loading=\"lazy\" decoding=\"async\" src=\"https:\/\/romanlazik.com\/wp-content\/uploads\/2018\/04\/roman-lazik-MURMERATION0002-550x733.jpg\" width=\"550\" height=\"733\" srcset=\"https:\/\/romanlazik.com\/wp-content\/uploads\/2018\/04\/roman-lazik-MURMERATION0002-550x733.jpg 550w, https:\/\/romanlazik.com\/wp-content\/uploads\/2018\/04\/roman-lazik-MURMERATION0002-225x300.jpg 225w, https:\/\/romanlazik.com\/wp-content\/uploads\/2018\/04\/roman-lazik-MURMERATION0002-768x1024.jpg 768w, https:\/\/romanlazik.com\/wp-content\/uploads\/2018\/04\/roman-lazik-MURMERATION0002-750x1000.jpg 750w, https:\/\/romanlazik.com\/wp-content\/uploads\/2018\/04\/roman-lazik-MURMERATION0002-375x500.jpg 375w, https:\/\/romanlazik.com\/wp-content\/uploads\/2018\/04\/roman-lazik-MURMERATION0002-1050x1400.jpg 1050w, https:\/\/romanlazik.com\/wp-content\/uploads\/2018\/04\/roman-lazik-MURMERATION0002-525x700.jpg 525w, https:\/\/romanlazik.com\/wp-content\/uploads\/2018\/04\/roman-lazik-MURMERATION0002-1020x1360.jpg 1020w, https:\/\/romanlazik.com\/wp-content\/uploads\/2018\/04\/roman-lazik-MURMERATION0002-510x680.jpg 510w, https:\/\/romanlazik.com\/wp-content\/uploads\/2018\/04\/roman-lazik-MURMERATION0002-1000x1334.jpg 1000w, https:\/\/romanlazik.com\/wp-content\/uploads\/2018\/04\/roman-lazik-MURMERATION0002-500x667.jpg 500w, https:\/\/romanlazik.com\/wp-content\/uploads\/2018\/04\/roman-lazik-MURMERATION0002-1200x1600.jpg 1200w, https:\/\/romanlazik.com\/wp-content\/uploads\/2018\/04\/roman-lazik-MURMERATION0002-600x800.jpg 600w, https:\/\/romanlazik.com\/wp-content\/uploads\/2018\/04\/roman-lazik-MURMERATION0002-610x813.jpg 610w, https:\/\/romanlazik.com\/wp-content\/uploads\/2018\/04\/roman-lazik-MURMERATION0002-580x773.jpg 580w, https:\/\/romanlazik.com\/wp-content\/uploads\/2018\/04\/roman-lazik-MURMERATION0002-1100x1466.jpg 1100w, https:\/\/romanlazik.com\/wp-content\/uploads\/2018\/04\/roman-lazik-MURMERATION0002.jpg 1536w\" sizes=\"auto, (max-width: 550px) 100vw, 550px\" class=\"\" itemprop=\"contentUrl\" alt=\"\"><\/div><\/div><\/div><\/div><\/div><\/div><div id=\"pgc-627-0-1\"  class=\"panel-grid-cell\" ><div id=\"panel-627-0-1-0\" class=\"so-panel widget widget_black-studio-tinymce widget_black_studio_tinymce panel-first-child panel-last-child widgetopts-SO\" data-index=\"1\" ><div class=\"panel-widget-style panel-widget-style-for-627-0-1-0\" ><div class=\"textwidget\"><p>Po ukon\u010den\u00ed \u00faspe\u0161nej, medzin\u00e1rodnej tane\u010dnej kari\u00e9ry dlhoro\u010dn\u00e9ho prv\u00e9ho s\u00f3listu<span class=\"Apple-converted-space\">\u00a0 <\/span>vo Viedenskom a Bavorskom \u0161t\u00e1tnom balete sa Roman Laz\u00edk etabluje ako hos\u0165uj\u00faci baletn\u00fd majster, zdie\u013eaj\u00fac svoje\u00a0bohat\u00e9 odborn\u00e9 znalosti a interpreta\u010dn\u00e9 sk\u00fasenosti.<\/p>\n<p>Roman je rod\u00e1k z Bratislavy a \u0161tudoval na Tane\u010dnom konzervat\u00f3riu (TK) Evy Jaczovej. Po\u010das \u0161t\u00fadia sa z\u00fa\u010dastnil viacer\u00fdch medzin\u00e1rodn\u00fdch baletn\u00fdch s\u00fa\u0165a\u017e\u00ed, kde \u00faspe\u0161ne reprezentoval slovensk\u00e9 tane\u010dn\u00e9 umenie.<span class=\"Apple-converted-space\">\u00a0<\/span><\/p>\n<p>V roku 1994 sa stal finalistom v medzin\u00e1rodnej baletnej s\u00fa\u0165a\u017ei v Par\u00ed\u017ei a vz\u00e1p\u00e4t\u00ed na to vyhral 1. miesto v \u010deskoslovenskej tane\u010dnej s\u00fa\u0165a\u017ei v Brne. V roku 1995 sa stal finalistom Prix de Lausanne a z\u00edskal st\u00e1\u017e v baletnej \u0161kole Boston Ballet. Po\u010das absolventsk\u00e9ho ro\u010dn\u00edka v roku 1995\/96 ho anga\u017eovali ako s\u00f3listu Baletu SND, kde p\u00f4sobil e\u0161te rok po absolvovan\u00ed TK a pracoval pod veden\u00edm tane\u010dn\u00e9ho pedag\u00f3ga baletu SND Rafaela Avnikjana. V tom \u010dase ako prv\u00fd slovensk\u00fd tane\u010dn\u00edk priviezol medailu z prest\u00ed\u017enej baletnej s\u00fa\u0165a\u017ee International Ballet Competition v New Yorku a prv\u00e9 miesto na \u00d6TR - medzin\u00e1rodnej baletnej s\u00fa\u0165a\u017ei vo Viedni.<span class=\"Apple-converted-space\">\u00a0<\/span>S\u00fa\u0165a\u017en\u00fa dr\u00e1hu ukon\u010dil vo fin\u00e1le na Eurovizii mlad\u00fdch tane\u010dn\u00fdch umelcov v Gdansku v roku 1997.<span class=\"Apple-converted-space\">\u00a0<\/span><\/p>\n<p>Po\u010das kr\u00e1tkeho, ale intenz\u00edvneho p\u00f4sobenia v Balete SND, tancoval takmer v\u0161etky tituln\u00e9 roly reperto\u00e1ru a z\u00edskal nieko\u013eko ocenen\u00ed. V roku 1996 Cenu \u201ePhillip Morris Ballet Flower Award\u201c za najv\u00fdraznej\u0161\u00ed talent roka a o rok nesk\u00f4r za najlep\u0161ieho tane\u010dn\u00e9ho umelca roka. Nasledovala cena premi\u00e9ra Slovenskej republiky a v roku 1999 Cena Liter\u00e1rneho fondu za rolu Smrti v<span class=\"Apple-converted-space\">\u00a0 <\/span>balete O. Sotha<span class=\"Apple-converted-space\">\u00a0 <\/span>Requiem. V roku 2019 bol ocenen\u00fd Cenou ministerky kult\u00fary Slovenskej republiky\u00a0\u201eZa umeleck\u00e9 majstrovstvo v oblasti baletu a vy\u0301nimo\u010dn\u00fa\u00a0reprezent\u00e1ciu slovensk\u00e9ho baletn\u00e9ho umenia v zahrani\u010d\u00ed\".<\/p>\n<p>Jeho tane\u010dn\u00e1 kari\u00e9ra \u010falej viedla cez anga\u017em\u00e1n v PACT Ballet v Juhoafrickej Pretorii, v Israel Ballet v Tel Avive a n\u00e1sledne sa znovu stal ved\u00facim s\u00f3listom Baletu SND.<span class=\"Apple-converted-space\">\u00a0<\/span>V roku 2000 prijal ponuku demi-s\u00f3listu v Bavorskom \u0161t\u00e1tnom balete v Mn\u00edchove, kde sa v roku 2001 stal jeho s\u00f3listom, a v roku 2003 z\u00edskal titul prv\u00e9ho s\u00f3listu.<\/p>\n<p>V roku 2007 sa usadil vo Viedni, kde prijal anga\u017em\u00e1n s\u00f3listu v Balete Viedenskej \u0161t\u00e1tnej opery, a od roku 2010 p\u00f4sobil ako prv\u00fd s\u00f3lista Wiener Staatsballett, pod veden\u00edm Manuela Legrisa.<span class=\"Apple-converted-space\">\u00a0<\/span><\/p>\n<\/div><\/div><\/div><\/div><\/div><\/div><div id=\"pg-627-1\"  class=\"panel-grid panel-has-style\" ><div class=\"siteorigin-panels-stretch kt-panel-row-stretch panel-row-style panel-row-style-for-627-1\" style=\"background-image: url(https:\/\/romanlazik.com\/wp-content\/uploads\/2018\/05\/roman-kresba2.jpg);background-repeat: no-repeat;background-size: contain;background-position: right bottom;opacity: 0;\" data-stretch-type=\"full\" ><div id=\"pgc-627-1-0\"  class=\"panel-grid-cell panel-grid-cell-mobile-last\" ><div id=\"panel-627-1-0-0\" class=\"so-panel widget widget_black-studio-tinymce widget_black_studio_tinymce panel-first-child panel-last-child widgetopts-SO\" data-index=\"2\" ><div class=\"panel-widget-style panel-widget-style-for-627-1-0-0\" ><div class=\"textwidget\"><p>V priebehu tane\u010dnej dr\u00e1hy sa vyprofiloval ako \u201edanseur noble\u201c interpret\u00e1ciami najd\u00f4le\u017eitej\u0161\u00edch rol\u00ed klasick\u00e9ho reperto\u00e1ru. Stv\u00e1rnil princov ako Siegfried v Labu\u0165om jazere, Albrecht v Giselle, Lusk\u00e1\u010dik, D\u00e9sir\u00e9 v Spiacej kr\u00e1savici, pokra\u010duj\u00fac Jean de Briennom v Raymonde, Solorom v Bajad\u00e9re, Jamesom v Sylfide, Espadom v Don Qiujotovi a \u010fal\u0161\u00edch. Mnoh\u00e9 z nich na\u0161tudoval v nieko\u013ek\u00fdch verzi\u00e1ch od uzn\u00e1van\u00fdch choreografov ako<span class=\"Apple-converted-space\">\u00a0 <\/span>Marius Petipa, Rudolf Nurejev, Patrice Bart, Vladimir Malachov, Ray Barra, Paul Chalmer \u010di Pierre Lacotte.\u00a0Nech\u00fdbaj\u00fa ani mnoh\u00e9 s\u00f3lov\u00e9 party v zn\u00e1mych baletoch Georgea Balanchina, Jeroma Robbinsa, Rolanda Petita, Johna Cranka, Fredericka Ashtona, Kenetha MacMillana, Serga Lifara, Rudi van Dantziga a Haralda Landera.<\/p>\n<p>V\u010faka prirodzen\u00e9mu naturelu pos\u00fava\u0165 sa na svojej ceste \u010falej a nezapadn\u00fa\u0165 v jednom \u0161t\u00fdle, dost\u00e1va sa mu mo\u017enos\u0165 pracova\u0165 aj so s\u00fa\u010dasn\u00fdmi, vo svete uzn\u00e1van\u00fdmi choreografmi, ak\u00fdmi s\u00fa Ji\u0159\u00ed Kyli\u00e1n, Mats Ek, John Neumeier, William Forsythe, Hans van Manen, Lucinda Childs, Graeme Murphy, Twyla Tharp, Jorma Elo, Nils Christe, Boris Eifman, Jean-Christophe Maillot, Alexei Ratmansky, Christopher Wheeldon, Edwaard Liang, Ashley Page, Davide Bombana, Ji\u0159\u00ed Buben\u00ed\u010dek, Patrik de Bana, Helen Picket, Myriam Naisi, Nat\u00e1lia Hore\u010dn\u00e1, Jacopo Godany, Martin Schl\u00e4pfer, Andr\u00e1s Luk\u00e1cs a st\u00e1va sa ob\u013e\u00faben\u00fdm interpretom v ich tane\u010dn\u00fdch dielach a aj v nov\u00fdch kre\u00e1ci\u00e1ch.. Zop\u00e1r z nich bolo vytvoren\u00fdch priamo pre neho.<span class=\"Apple-converted-space\">\u00a0<\/span><\/p>\n<p>Osobitn\u00fa kapitolu jeho reperto\u00e1ru tvoria neoklasick\u00e9 party v dejov\u00fdch baletoch, kde rozv\u00edja charakter hlavn\u00fdch hrdinov, ak\u00fdmi s\u00fa napr. Romeo v Crankovej verzii Romea a J\u00falie, Onegina v rovnomennom balete, v balete Manon od Kennetha MacMillana, \u0161tudenta Des Grieux, ci Korunn\u00e9ho princa Rudolfa v balete Mayerling, ako aj Armanda v D\u00e1me s kam\u00e9liami, v choreografii Johna Neumeiera.<span class=\"Apple-converted-space\">\u00a0<\/span><\/p>\n<p>Po\u010das svojej kari\u00e9ry tancoval na najprest\u00ed\u017enej\u0161\u00edch baletn\u00fdch sc\u00e9nach sveta, \u010di u\u017e to bolo Mariinsk\u00e9 divadlo v Petrohrade, Bol\u0161oj Teatr v Moskve, Semperoper v Dr\u00e1\u017e\u010fanoch, alebo divadl\u00e1 v Par\u00ed\u017ei, Tokiu, Toronte, Berl\u00edne, Hamburgu, Lipsku a pod. <span class=\"Apple-converted-space\">\u00a0<\/span><\/p>\n<p>Ako excelentn\u00fd partner, tancoval popri mnoh\u00fdch in\u00fdch aj s primabaler\u00ednami svetov\u00e9ho form\u00e1tu, ak\u00fdmi s\u00fa<span class=\"Apple-converted-space\">\u00a0 <\/span>Lucia Lacarra, Polina Semionova, Lisa Maree Cullum, Maria Eichwald, alebo Uliana Lopatkina.<span class=\"Apple-converted-space\">\u00a0 \u00a0<\/span><\/p>\n<p>Hos\u0165ovaniami a baletn\u00fdmi gala precestoval takmer cel\u00fa Eur\u00f3pu, nav\u0161t\u00edvil Turecko, Ameriku, Kanadu, Japonsko, \u010c\u00ednu, Indiu a Nov\u00fd Z\u00e9land. <span class=\"Apple-converted-space\">\u00a0<\/span><\/p>\n<p>Nieko\u013ekokr\u00e1t tancoval v Novoro\u010dnom koncerte Viedensk\u00fdch filharmonikov a je \u010dast\u00fdm hos\u0165om Viedensk\u00e9ho Opernballu \u010di in\u00fdch umelecko-charitat\u00edvnych podujat\u00ed.<\/p>\n<\/div><\/div><\/div><\/div><div id=\"pgc-627-1-1\"  class=\"panel-grid-cell panel-grid-cell-empty\" ><\/div><\/div><\/div><div id=\"pg-627-2\"  class=\"panel-grid panel-has-style\" ><div class=\"siteorigin-panels-stretch panel-row-style panel-row-style-for-627-2\" data-stretch-type=\"full-width-stretch\" ><div id=\"pgc-627-2-0\"  class=\"panel-grid-cell panel-grid-cell-empty\" ><\/div><\/div><\/div><div id=\"pg-627-3\"  class=\"panel-grid panel-has-style\" ><div class=\"panel-row-style panel-row-style-for-627-3\" ><div id=\"pgc-627-3-0\"  class=\"panel-grid-cell panel-grid-cell-empty\" ><\/div><div id=\"pgc-627-3-1\"  class=\"panel-grid-cell panel-grid-cell-mobile-last\" ><div id=\"panel-627-3-1-0\" class=\"so-panel widget widget_sow-button panel-first-child panel-last-child widgetopts-SO\" data-index=\"3\" ><div\n\t\t\t\n\t\t\tclass=\"so-widget-sow-button so-widget-sow-button-wire-fb1d7d74b6bb-627\"\n\t\t\t\n\t\t><div class=\"ow-button-base ow-button-align-center\"\n>\n\t\t\t<a\n\t\t\t\t\thref=\"https:\/\/romanlazik.com\/sk\/contact\/\"\n\t\t\t\t\tclass=\"sowb-button ow-icon-placement-left\" \t>\n\t\t<span>\n\t\t\t\n\t\t\tKONTAKT\t\t<\/span>\n\t\t\t<\/a>\n\t<\/div>\n<\/div><\/div><\/div><div id=\"pgc-627-3-2\"  class=\"panel-grid-cell panel-grid-cell-empty\" ><\/div><\/div><\/div><\/div>","protected":false},"excerpt":{"rendered":"<p>Po ukon\u010den\u00ed \u00faspe\u0161nej, medzin\u00e1rodnej tane\u010dnej kari\u00e9ry dlhoro\u010dn\u00e9ho prv\u00e9ho s\u00f3listu\u00a0 vo Viedenskom a Bavorskom \u0161t\u00e1tnom balete sa Roman Laz\u00edk etabluje ako hos\u0165uj\u00faci baletn\u00fd majster, zdie\u013eaj\u00fac svoje\u00a0bohat\u00e9 odborn\u00e9 znalosti a interpreta\u010dn\u00e9 sk\u00fasenosti. Roman je rod\u00e1k z Bratislavy a \u0161tudoval na Tane\u010dnom konzervat\u00f3riu &hellip; <a class=\"kt-excerpt-readmore more-link\" href=\"https:\/\/romanlazik.com\/sk\/biography\/\" aria-label=\"Biografia\">Read More<\/a><\/p>\n","protected":false},"author":1,"featured_media":0,"parent":0,"menu_order":0,"comment_status":"closed","ping_status":"closed","template":"","meta":{"kt_blocks_editor_width":"","footnotes":""},"class_list":["post-627","page","type-page","status-publish","hentry"],"yoast_head":"<!-- This site is optimized with the Yoast SEO plugin v27.6 - https:\/\/yoast.com\/product\/yoast-seo-wordpress\/ -->\n<title>Biografia - Roman Lazik<\/title>\n<meta name=\"robots\" content=\"index, follow, max-snippet:-1, max-image-preview:large, max-video-preview:-1\" \/>\n<link rel=\"canonical\" href=\"https:\/\/romanlazik.com\/sk\/biography\/\" \/>\n<meta property=\"og:locale\" content=\"sk_SK\" \/>\n<meta property=\"og:type\" content=\"article\" \/>\n<meta property=\"og:title\" content=\"Biografia - Roman Lazik\" \/>\n<meta property=\"og:description\" content=\"Po ukon\u010den\u00ed \u00faspe\u0161nej, medzin\u00e1rodnej tane\u010dnej kari\u00e9ry dlhoro\u010dn\u00e9ho prv\u00e9ho s\u00f3listu\u00a0 vo Viedenskom a Bavorskom \u0161t\u00e1tnom balete sa Roman Laz\u00edk etabluje ako hos\u0165uj\u00faci baletn\u00fd majster, zdie\u013eaj\u00fac svoje\u00a0bohat\u00e9 odborn\u00e9 znalosti a interpreta\u010dn\u00e9 sk\u00fasenosti. Roman je rod\u00e1k z Bratislavy a \u0161tudoval na Tane\u010dnom konzervat\u00f3riu &hellip; Read More\" \/>\n<meta property=\"og:url\" content=\"https:\/\/romanlazik.com\/sk\/biography\/\" \/>\n<meta property=\"og:site_name\" content=\"Roman Lazik\" \/>\n<meta property=\"article:modified_time\" content=\"2024-03-12T13:10:04+00:00\" \/>\n<meta name=\"twitter:card\" content=\"summary_large_image\" \/>\n<meta name=\"twitter:label1\" content=\"Predpokladan\u00fd \u010das \u010d\u00edtania\" \/>\n\t<meta name=\"twitter:data1\" content=\"4 min\u00faty\" \/>\n<script type=\"application\/ld+json\" class=\"yoast-schema-graph\">{\"@context\":\"https:\\\/\\\/schema.org\",\"@graph\":[{\"@type\":\"WebPage\",\"@id\":\"https:\\\/\\\/romanlazik.com\\\/sk\\\/biography\\\/\",\"url\":\"https:\\\/\\\/romanlazik.com\\\/sk\\\/biography\\\/\",\"name\":\"Biografia - Roman Lazik\",\"isPartOf\":{\"@id\":\"https:\\\/\\\/romanlazik.com\\\/sk\\\/#website\"},\"datePublished\":\"2018-04-11T14:17:48+00:00\",\"dateModified\":\"2024-03-12T13:10:04+00:00\",\"breadcrumb\":{\"@id\":\"https:\\\/\\\/romanlazik.com\\\/sk\\\/biography\\\/#breadcrumb\"},\"inLanguage\":\"sk-SK\",\"potentialAction\":[{\"@type\":\"ReadAction\",\"target\":[\"https:\\\/\\\/romanlazik.com\\\/sk\\\/biography\\\/\"]}]},{\"@type\":\"BreadcrumbList\",\"@id\":\"https:\\\/\\\/romanlazik.com\\\/sk\\\/biography\\\/#breadcrumb\",\"itemListElement\":[{\"@type\":\"ListItem\",\"position\":1,\"name\":\"Home\",\"item\":\"https:\\\/\\\/romanlazik.com\\\/sk\\\/\"},{\"@type\":\"ListItem\",\"position\":2,\"name\":\"Biografia\"}]},{\"@type\":\"WebSite\",\"@id\":\"https:\\\/\\\/romanlazik.com\\\/sk\\\/#website\",\"url\":\"https:\\\/\\\/romanlazik.com\\\/sk\\\/\",\"name\":\"Roman Lazik\",\"description\":\"First Soloist with the Vienna State Ballet, international performances throughout Europe as well as U.S.A., Canada, Japan,China, India and New Zealand\",\"potentialAction\":[{\"@type\":\"SearchAction\",\"target\":{\"@type\":\"EntryPoint\",\"urlTemplate\":\"https:\\\/\\\/romanlazik.com\\\/sk\\\/?s={search_term_string}\"},\"query-input\":{\"@type\":\"PropertyValueSpecification\",\"valueRequired\":true,\"valueName\":\"search_term_string\"}}],\"inLanguage\":\"sk-SK\"}]}<\/script>\n<!-- \/ Yoast SEO plugin. -->","yoast_head_json":{"title":"Biografia - Roman Lazik","robots":{"index":"index","follow":"follow","max-snippet":"max-snippet:-1","max-image-preview":"max-image-preview:large","max-video-preview":"max-video-preview:-1"},"canonical":"https:\/\/romanlazik.com\/sk\/biography\/","og_locale":"sk_SK","og_type":"article","og_title":"Biografia - Roman Lazik","og_description":"Po ukon\u010den\u00ed \u00faspe\u0161nej, medzin\u00e1rodnej tane\u010dnej kari\u00e9ry dlhoro\u010dn\u00e9ho prv\u00e9ho s\u00f3listu\u00a0 vo Viedenskom a Bavorskom \u0161t\u00e1tnom balete sa Roman Laz\u00edk etabluje ako hos\u0165uj\u00faci baletn\u00fd majster, zdie\u013eaj\u00fac svoje\u00a0bohat\u00e9 odborn\u00e9 znalosti a interpreta\u010dn\u00e9 sk\u00fasenosti. Roman je rod\u00e1k z Bratislavy a \u0161tudoval na Tane\u010dnom konzervat\u00f3riu &hellip; Read More","og_url":"https:\/\/romanlazik.com\/sk\/biography\/","og_site_name":"Roman Lazik","article_modified_time":"2024-03-12T13:10:04+00:00","twitter_card":"summary_large_image","twitter_misc":{"Predpokladan\u00fd \u010das \u010d\u00edtania":"4 min\u00faty"},"schema":{"@context":"https:\/\/schema.org","@graph":[{"@type":"WebPage","@id":"https:\/\/romanlazik.com\/sk\/biography\/","url":"https:\/\/romanlazik.com\/sk\/biography\/","name":"Biografia - Roman Lazik","isPartOf":{"@id":"https:\/\/romanlazik.com\/sk\/#website"},"datePublished":"2018-04-11T14:17:48+00:00","dateModified":"2024-03-12T13:10:04+00:00","breadcrumb":{"@id":"https:\/\/romanlazik.com\/sk\/biography\/#breadcrumb"},"inLanguage":"sk-SK","potentialAction":[{"@type":"ReadAction","target":["https:\/\/romanlazik.com\/sk\/biography\/"]}]},{"@type":"BreadcrumbList","@id":"https:\/\/romanlazik.com\/sk\/biography\/#breadcrumb","itemListElement":[{"@type":"ListItem","position":1,"name":"Home","item":"https:\/\/romanlazik.com\/sk\/"},{"@type":"ListItem","position":2,"name":"Biografia"}]},{"@type":"WebSite","@id":"https:\/\/romanlazik.com\/sk\/#website","url":"https:\/\/romanlazik.com\/sk\/","name":"Roman Lazik","description":"First Soloist with the Vienna State Ballet, international performances throughout Europe as well as U.S.A., Canada, Japan,China, India and New Zealand","potentialAction":[{"@type":"SearchAction","target":{"@type":"EntryPoint","urlTemplate":"https:\/\/romanlazik.com\/sk\/?s={search_term_string}"},"query-input":{"@type":"PropertyValueSpecification","valueRequired":true,"valueName":"search_term_string"}}],"inLanguage":"sk-SK"}]}},"_links":{"self":[{"href":"https:\/\/romanlazik.com\/sk\/wp-json\/wp\/v2\/pages\/627","targetHints":{"allow":["GET"]}}],"collection":[{"href":"https:\/\/romanlazik.com\/sk\/wp-json\/wp\/v2\/pages"}],"about":[{"href":"https:\/\/romanlazik.com\/sk\/wp-json\/wp\/v2\/types\/page"}],"author":[{"embeddable":true,"href":"https:\/\/romanlazik.com\/sk\/wp-json\/wp\/v2\/users\/1"}],"replies":[{"embeddable":true,"href":"https:\/\/romanlazik.com\/sk\/wp-json\/wp\/v2\/comments?post=627"}],"version-history":[{"count":3,"href":"https:\/\/romanlazik.com\/sk\/wp-json\/wp\/v2\/pages\/627\/revisions"}],"predecessor-version":[{"id":1870,"href":"https:\/\/romanlazik.com\/sk\/wp-json\/wp\/v2\/pages\/627\/revisions\/1870"}],"wp:attachment":[{"href":"https:\/\/romanlazik.com\/sk\/wp-json\/wp\/v2\/media?parent=627"}],"curies":[{"name":"wp","href":"https:\/\/api.w.org\/{rel}","templated":true}]}}