{"id":640,"date":"2018-06-20T14:36:24","date_gmt":"2018-06-20T12:36:24","guid":{"rendered":"https:\/\/romanlazik.com\/gallery1\/videos\/"},"modified":"2025-02-07T15:44:20","modified_gmt":"2025-02-07T14:44:20","slug":"videos","status":"publish","type":"page","link":"https:\/\/romanlazik.com\/sk\/gallery1\/videos\/","title":{"rendered":"Vide\u00e1"},"content":{"rendered":"<div id=\"pl-640\"  class=\"panel-layout\" ><div id=\"pg-640-0\"  class=\"panel-grid panel-has-style\" ><div class=\"panel-row-style panel-row-style-for-640-0\" ><div id=\"pgc-640-0-0\"  class=\"panel-grid-cell\" ><div id=\"panel-640-0-0-0\" class=\"so-panel widget widget_media_video panel-first-child panel-last-child widgetopts-SO\" data-index=\"0\" ><div style=\"width:100%;\" class=\"wp-video\"><video class=\"wp-video-shortcode\" id=\"video-640-1\" preload=\"metadata\" controls=\"controls\"><source type=\"video\/youtube\" src=\"https:\/\/www.youtube.com\/watch?v=yUvitolqt_w&#038;_=1\" \/><a href=\"https:\/\/www.youtube.com\/watch?v=yUvitolqt_w\">https:\/\/www.youtube.com\/watch?v=yUvitolqt_w<\/a><\/video><\/div><\/div><\/div><div id=\"pgc-640-0-1\"  class=\"panel-grid-cell panel-grid-cell-empty\" ><\/div><div id=\"pgc-640-0-2\"  class=\"panel-grid-cell\" ><div id=\"panel-640-0-2-0\" class=\"so-panel widget widget_media_video panel-first-child panel-last-child widgetopts-SO\" data-index=\"1\" ><div style=\"width:100%;\" class=\"wp-video\"><video class=\"wp-video-shortcode\" id=\"video-640-2\" preload=\"metadata\" controls=\"controls\"><source type=\"video\/youtube\" src=\"https:\/\/www.youtube.com\/watch?v=j959Net3fjk&#038;_=2\" \/><a href=\"https:\/\/www.youtube.com\/watch?v=j959Net3fjk\">https:\/\/www.youtube.com\/watch?v=j959Net3fjk<\/a><\/video><\/div><\/div><\/div><\/div><\/div><\/div>","protected":false},"excerpt":{"rendered":"<p>https:\/\/www.youtube.com\/watch?v=yUvitolqt_whttps:\/\/www.youtube.com\/watch?v=j959Net3fjk<\/p>\n","protected":false},"author":1,"featured_media":0,"parent":633,"menu_order":0,"comment_status":"closed","ping_status":"closed","template":"","meta":{"kt_blocks_editor_width":"","footnotes":""},"class_list":["post-640","page","type-page","status-publish","hentry"],"yoast_head":"<!-- This site is optimized with the Yoast SEO plugin v27.5 - https:\/\/yoast.com\/product\/yoast-seo-wordpress\/ -->\n<title>Vide\u00e1 - Roman Lazik<\/title>\n<meta name=\"robots\" content=\"index, follow, max-snippet:-1, max-image-preview:large, max-video-preview:-1\" \/>\n<link rel=\"canonical\" href=\"https:\/\/romanlazik.com\/sk\/gallery1\/videos\/\" \/>\n<meta property=\"og:locale\" content=\"sk_SK\" \/>\n<meta property=\"og:type\" content=\"article\" \/>\n<meta property=\"og:title\" content=\"Vide\u00e1 - Roman Lazik\" \/>\n<meta property=\"og:description\" content=\"https:\/\/www.youtube.com\/watch?v=yUvitolqt_whttps:\/\/www.youtube.com\/watch?v=j959Net3fjk\" \/>\n<meta property=\"og:url\" content=\"https:\/\/romanlazik.com\/sk\/gallery1\/videos\/\" \/>\n<meta property=\"og:site_name\" content=\"Roman Lazik\" \/>\n<meta property=\"article:modified_time\" content=\"2025-02-07T14:44:20+00:00\" \/>\n<meta name=\"twitter:card\" content=\"summary_large_image\" \/>\n<meta name=\"twitter:label1\" content=\"Predpokladan\u00fd \u010das \u010d\u00edtania\" \/>\n\t<meta name=\"twitter:data1\" content=\"1 min\u00fata\" \/>\n<script type=\"application\/ld+json\" class=\"yoast-schema-graph\">{\"@context\":\"https:\\\/\\\/schema.org\",\"@graph\":[{\"@type\":\"WebPage\",\"@id\":\"https:\\\/\\\/romanlazik.com\\\/sk\\\/gallery1\\\/videos\\\/\",\"url\":\"https:\\\/\\\/romanlazik.com\\\/sk\\\/gallery1\\\/videos\\\/\",\"name\":\"Vide\u00e1 - Roman Lazik\",\"isPartOf\":{\"@id\":\"https:\\\/\\\/romanlazik.com\\\/sk\\\/#website\"},\"datePublished\":\"2018-06-20T12:36:24+00:00\",\"dateModified\":\"2025-02-07T14:44:20+00:00\",\"breadcrumb\":{\"@id\":\"https:\\\/\\\/romanlazik.com\\\/sk\\\/gallery1\\\/videos\\\/#breadcrumb\"},\"inLanguage\":\"sk-SK\",\"potentialAction\":[{\"@type\":\"ReadAction\",\"target\":[\"https:\\\/\\\/romanlazik.com\\\/sk\\\/gallery1\\\/videos\\\/\"]}]},{\"@type\":\"BreadcrumbList\",\"@id\":\"https:\\\/\\\/romanlazik.com\\\/sk\\\/gallery1\\\/videos\\\/#breadcrumb\",\"itemListElement\":[{\"@type\":\"ListItem\",\"position\":1,\"name\":\"Home\",\"item\":\"https:\\\/\\\/romanlazik.com\\\/sk\\\/\"},{\"@type\":\"ListItem\",\"position\":2,\"name\":\"Gal\u00e9ria\",\"item\":\"https:\\\/\\\/romanlazik.com\\\/sk\\\/gallery1\\\/\"},{\"@type\":\"ListItem\",\"position\":3,\"name\":\"Vide\u00e1\"}]},{\"@type\":\"WebSite\",\"@id\":\"https:\\\/\\\/romanlazik.com\\\/sk\\\/#website\",\"url\":\"https:\\\/\\\/romanlazik.com\\\/sk\\\/\",\"name\":\"Roman Lazik\",\"description\":\"First Soloist with the Vienna State Ballet, international performances throughout Europe as well as U.S.A., Canada, Japan,China, India and New Zealand\",\"potentialAction\":[{\"@type\":\"SearchAction\",\"target\":{\"@type\":\"EntryPoint\",\"urlTemplate\":\"https:\\\/\\\/romanlazik.com\\\/sk\\\/?s={search_term_string}\"},\"query-input\":{\"@type\":\"PropertyValueSpecification\",\"valueRequired\":true,\"valueName\":\"search_term_string\"}}],\"inLanguage\":\"sk-SK\"}]}<\/script>\n<!-- \/ Yoast SEO plugin. -->","yoast_head_json":{"title":"Vide\u00e1 - Roman Lazik","robots":{"index":"index","follow":"follow","max-snippet":"max-snippet:-1","max-image-preview":"max-image-preview:large","max-video-preview":"max-video-preview:-1"},"canonical":"https:\/\/romanlazik.com\/sk\/gallery1\/videos\/","og_locale":"sk_SK","og_type":"article","og_title":"Vide\u00e1 - Roman Lazik","og_description":"https:\/\/www.youtube.com\/watch?v=yUvitolqt_whttps:\/\/www.youtube.com\/watch?v=j959Net3fjk","og_url":"https:\/\/romanlazik.com\/sk\/gallery1\/videos\/","og_site_name":"Roman Lazik","article_modified_time":"2025-02-07T14:44:20+00:00","twitter_card":"summary_large_image","twitter_misc":{"Predpokladan\u00fd \u010das \u010d\u00edtania":"1 min\u00fata"},"schema":{"@context":"https:\/\/schema.org","@graph":[{"@type":"WebPage","@id":"https:\/\/romanlazik.com\/sk\/gallery1\/videos\/","url":"https:\/\/romanlazik.com\/sk\/gallery1\/videos\/","name":"Vide\u00e1 - Roman Lazik","isPartOf":{"@id":"https:\/\/romanlazik.com\/sk\/#website"},"datePublished":"2018-06-20T12:36:24+00:00","dateModified":"2025-02-07T14:44:20+00:00","breadcrumb":{"@id":"https:\/\/romanlazik.com\/sk\/gallery1\/videos\/#breadcrumb"},"inLanguage":"sk-SK","potentialAction":[{"@type":"ReadAction","target":["https:\/\/romanlazik.com\/sk\/gallery1\/videos\/"]}]},{"@type":"BreadcrumbList","@id":"https:\/\/romanlazik.com\/sk\/gallery1\/videos\/#breadcrumb","itemListElement":[{"@type":"ListItem","position":1,"name":"Home","item":"https:\/\/romanlazik.com\/sk\/"},{"@type":"ListItem","position":2,"name":"Gal\u00e9ria","item":"https:\/\/romanlazik.com\/sk\/gallery1\/"},{"@type":"ListItem","position":3,"name":"Vide\u00e1"}]},{"@type":"WebSite","@id":"https:\/\/romanlazik.com\/sk\/#website","url":"https:\/\/romanlazik.com\/sk\/","name":"Roman Lazik","description":"First Soloist with the Vienna State Ballet, international performances throughout Europe as well as U.S.A., Canada, Japan,China, India and New Zealand","potentialAction":[{"@type":"SearchAction","target":{"@type":"EntryPoint","urlTemplate":"https:\/\/romanlazik.com\/sk\/?s={search_term_string}"},"query-input":{"@type":"PropertyValueSpecification","valueRequired":true,"valueName":"search_term_string"}}],"inLanguage":"sk-SK"}]}},"_links":{"self":[{"href":"https:\/\/romanlazik.com\/sk\/wp-json\/wp\/v2\/pages\/640","targetHints":{"allow":["GET"]}}],"collection":[{"href":"https:\/\/romanlazik.com\/sk\/wp-json\/wp\/v2\/pages"}],"about":[{"href":"https:\/\/romanlazik.com\/sk\/wp-json\/wp\/v2\/types\/page"}],"author":[{"embeddable":true,"href":"https:\/\/romanlazik.com\/sk\/wp-json\/wp\/v2\/users\/1"}],"replies":[{"embeddable":true,"href":"https:\/\/romanlazik.com\/sk\/wp-json\/wp\/v2\/comments?post=640"}],"version-history":[{"count":3,"href":"https:\/\/romanlazik.com\/sk\/wp-json\/wp\/v2\/pages\/640\/revisions"}],"predecessor-version":[{"id":1891,"href":"https:\/\/romanlazik.com\/sk\/wp-json\/wp\/v2\/pages\/640\/revisions\/1891"}],"up":[{"embeddable":true,"href":"https:\/\/romanlazik.com\/sk\/wp-json\/wp\/v2\/pages\/633"}],"wp:attachment":[{"href":"https:\/\/romanlazik.com\/sk\/wp-json\/wp\/v2\/media?parent=640"}],"curies":[{"name":"wp","href":"https:\/\/api.w.org\/{rel}","templated":true}]}}